{"id":256,"date":"2015-10-19T09:20:29","date_gmt":"2015-10-19T07:20:29","guid":{"rendered":"http:\/\/we-run-for-kids.org\/de\/?page_id=256"},"modified":"2015-11-11T16:10:45","modified_gmt":"2015-11-11T14:10:45","slug":"tu-berlin","status":"publish","type":"page","link":"http:\/\/we-run-for-kids.org\/de\/tu-berlin\/","title":{"rendered":"10 Wissenschaftler\/innen, 10 Comic-Helden &#038; 10.000 \u20ac f\u00fcr die medizinische Versorgung von Kindern auf der Flucht"},"content":{"rendered":"<p style=\"text-align: left;\" align=\"center\"><a href=\"http:\/\/we-run-for-kids.org\/de\/wp-content\/uploads\/2015\/05\/Comic-Run.jpg\"><img loading=\"lazy\" decoding=\"async\" class=\"alignnone wp-image-36\" src=\"http:\/\/we-run-for-kids.org\/de\/wp-content\/uploads\/2015\/05\/Comic-Run.jpg\" alt=\"Comic Run\" width=\"600\" height=\"600\" srcset=\"http:\/\/we-run-for-kids.org\/de\/wp-content\/uploads\/2015\/05\/Comic-Run.jpg 886w, http:\/\/we-run-for-kids.org\/de\/wp-content\/uploads\/2015\/05\/Comic-Run-150x150.jpg 150w, http:\/\/we-run-for-kids.org\/de\/wp-content\/uploads\/2015\/05\/Comic-Run-300x300.jpg 300w\" sizes=\"auto, (max-width: 600px) 100vw, 600px\" \/><\/a><\/p>\n<p style=\"text-align: justify;\">10 Wissenschaftler\/innen des Lehrstuhls f\u00fcr \u201e<a href=\"http:\/\/www.see.tu-berlin.de\/menue\/ueber_uns\/\" target=\"_blank\">Sustainable Engineering<\/a>\u201c der Technischen Universit\u00e4t Berlin laufen am <strong>10. September 2015<\/strong> beim Firmenlauf <a href=\"http:\/\/www.b2run.de\/berlin\/\" target=\"_blank\">b2run<\/a> 6 km quer durch Berlin. Sie wechseln dabei ihre Identit\u00e4t von (halbwegs) seri\u00f6sen Wissenschaftler\/innen zu echten Comic-Helden unter der kleinen Bedingung, dass:<br \/>\n<strong>10.000,- \u20ac<\/strong> f\u00fcr den Verein \u201e<a href=\"http:\/\/akuthilfe-kinder-libanon.de\/wp\/\" target=\"_blank\">Akut-Hilfe f\u00fcr Kinder und Jugendliche im Libanon e.V.<\/a>\u201c gespendet werden.<\/p>\n<p style=\"text-align: justify;\">Sie wollen Ihre Freunde, Kollegen, Dozenten, Betreuer, Projektpartner, Auftragnehmer, usw. als Donald Duck, Minnie Mouse, Goofy und Co. quer durch Berlin flitzen sehen? Dann spenden Sie bitte gro\u00dfz\u00fcgig mit dem <span style=\"color: #800000;\"><strong>Verwendungszweck \u201eWe Run for Kids &#8211; TU Berlin\u201c<\/strong><\/span> an:<\/p>\n<p><strong>Akut-Hilfe f\u00fcr Kinder und Jugendliche im Libanon e.V.<\/strong><br \/>\nSparkasse Freiburg-N\u00f6rdlicher Breisgau<br \/>\nIBAN: DE09680501010013230489<br \/>\nBIC: FRSPDE66XXX<\/p>\n<p>Die Spende ist steuerlich absetzbar. F\u00fcr eine Spendenquittung geben Sie bitte ihre Adresse im Verwendungszweck an oder schreiben Sie uns eine E-Mail an: <a href=\"mailto:spendenbescheinigung@akuthilfe-kinder-libanon.de\">spendenbescheinigung@akuthilfe-kinder-libanon.de<\/a><\/p>\n<p style=\"text-align: center;\">Herzlichen Dank!<\/p>\n<p style=\"text-align: center;\"><a href=\"http:\/\/we-run-for-kids.org\/de\/wp-content\/uploads\/2015\/06\/TU-Berlin.png\"><img loading=\"lazy\" decoding=\"async\" class=\"alignnone size-full wp-image-80\" src=\"http:\/\/we-run-for-kids.org\/de\/wp-content\/uploads\/2015\/06\/TU-Berlin.png\" alt=\"TU Berlin\" width=\"150\" height=\"113\" \/><\/a> <a href=\"http:\/\/we-run-for-kids.org\/de\/wp-content\/uploads\/2015\/06\/TU-Berlin-SE.png\"><img loading=\"lazy\" decoding=\"async\" class=\"alignnone size-medium wp-image-81\" src=\"http:\/\/we-run-for-kids.org\/de\/wp-content\/uploads\/2015\/06\/TU-Berlin-SE-300x102.png\" alt=\"TU Berlin SE\" width=\"300\" height=\"102\" srcset=\"http:\/\/we-run-for-kids.org\/de\/wp-content\/uploads\/2015\/06\/TU-Berlin-SE-300x102.png 300w, http:\/\/we-run-for-kids.org\/de\/wp-content\/uploads\/2015\/06\/TU-Berlin-SE.png 382w\" sizes=\"auto, (max-width: 300px) 100vw, 300px\" \/><\/a><\/p>\n","protected":false},"excerpt":{"rendered":"<p>10 Wissenschaftler\/innen des Lehrstuhls f\u00fcr \u201eSustainable Engineering\u201c der Technischen Universit\u00e4t Berlin laufen am 10. September 2015 beim Firmenlauf b2run 6 km quer durch Berlin. Sie wechseln dabei ihre Identit\u00e4t von (halbwegs) seri\u00f6sen Wissenschaftler\/innen zu echten Comic-Helden unter der kleinen Bedingung, dass: 10.000,- \u20ac f\u00fcr den Verein \u201eAkut-Hilfe f\u00fcr Kinder und Jugendliche im Libanon e.V.\u201c gespendet &hellip; <a href=\"http:\/\/we-run-for-kids.org\/de\/tu-berlin\/\" class=\"more-link\">Continue reading <span class=\"screen-reader-text\">10 Wissenschaftler\/innen, 10 Comic-Helden &#038; 10.000 \u20ac f\u00fcr die medizinische Versorgung von Kindern auf der Flucht<\/span> <span class=\"meta-nav\">&rarr;<\/span><\/a><\/p>\n","protected":false},"author":4,"featured_media":0,"parent":0,"menu_order":0,"comment_status":"closed","ping_status":"closed","template":"","meta":{"footnotes":""},"class_list":["post-256","page","type-page","status-publish","hentry"],"_links":{"self":[{"href":"http:\/\/we-run-for-kids.org\/de\/wp-json\/wp\/v2\/pages\/256","targetHints":{"allow":["GET"]}}],"collection":[{"href":"http:\/\/we-run-for-kids.org\/de\/wp-json\/wp\/v2\/pages"}],"about":[{"href":"http:\/\/we-run-for-kids.org\/de\/wp-json\/wp\/v2\/types\/page"}],"author":[{"embeddable":true,"href":"http:\/\/we-run-for-kids.org\/de\/wp-json\/wp\/v2\/users\/4"}],"replies":[{"embeddable":true,"href":"http:\/\/we-run-for-kids.org\/de\/wp-json\/wp\/v2\/comments?post=256"}],"version-history":[{"count":2,"href":"http:\/\/we-run-for-kids.org\/de\/wp-json\/wp\/v2\/pages\/256\/revisions"}],"predecessor-version":[{"id":277,"href":"http:\/\/we-run-for-kids.org\/de\/wp-json\/wp\/v2\/pages\/256\/revisions\/277"}],"wp:attachment":[{"href":"http:\/\/we-run-for-kids.org\/de\/wp-json\/wp\/v2\/media?parent=256"}],"curies":[{"name":"wp","href":"https:\/\/api.w.org\/{rel}","templated":true}]}}