{"id":291,"date":"2015-11-11T18:14:58","date_gmt":"2015-11-11T16:14:58","guid":{"rendered":"http:\/\/we-run-for-kids.org\/de\/?page_id=291"},"modified":"2015-11-11T19:03:29","modified_gmt":"2015-11-11T17:03:29","slug":"arabx-basel","status":"publish","type":"page","link":"http:\/\/we-run-for-kids.org\/de\/arabx-basel\/","title":{"rendered":"Team ArabX in Basel"},"content":{"rendered":"<p style=\"text-align: justify;\"><a href=\"http:\/\/we-run-for-kids.org\/de\/wp-content\/uploads\/2015\/10\/pic_meal.jpg\"><img loading=\"lazy\" decoding=\"async\" class=\"alignnone wp-image-261 size-large\" src=\"http:\/\/we-run-for-kids.org\/de\/wp-content\/uploads\/2015\/10\/pic_meal-1024x768.jpg\" alt=\"\" width=\"604\" height=\"453\" srcset=\"http:\/\/we-run-for-kids.org\/de\/wp-content\/uploads\/2015\/10\/pic_meal-1024x768.jpg 1024w, http:\/\/we-run-for-kids.org\/de\/wp-content\/uploads\/2015\/10\/pic_meal-300x225.jpg 300w, http:\/\/we-run-for-kids.org\/de\/wp-content\/uploads\/2015\/10\/pic_meal.jpg 1280w\" sizes=\"auto, (max-width: 604px) 100vw, 604px\" \/><\/a><\/p>\n<p style=\"text-align: justify;\">Das Team von ArabX, der arabisch-deutschen Radiosendung auf RadioX, kocht am Samstag, den 31. Oktober im \u201eSoup &amp; Chill\u201c in Basel ein arabisches Mittagessen und sammelt dabei Spenden f\u00fcr den Verein Verein \u201e<a href=\"http:\/\/akuthilfe-kinder-libanon.de\" target=\"_blank\">Akut-Hilfe f\u00fcr Kinder und Jugendliche im Libanon e.V.<\/a>\u201c. Die Spenden kommen insbesondere dem f\u00fcnfj\u00e4hrigen syrischen M\u00e4dchen Massa zugute, das an postoperativem Mutismus erkrankt ist und finanzielle Unterst\u00fctzung f\u00fcr ihre medizinische Behandlung ben\u00f6tigt.<\/p>\n<p style=\"text-align: justify;\"><strong>Wer sind wir?<\/strong><br \/>\nArabX ist die w\u00f6chentliche Radiosendung f\u00fcr alle arabisch- und deutschsprachigen H\u00f6rerInnen in und rund um Basel. Das arabisch-schweizerische Team von ArabX bringt seinen H\u00f6rerInnen einen spannenden zweisprachigen Mix aus Nachrichten, Events, Musik und Kultur \u2013 lokal und aus der arabischen Welt. Am 1. Dezember um 18 Uhr ging ArabX das erste Mal auf Sendung.<\/p>\n<p style=\"text-align: justify;\"><strong>Wo wird gekocht?<\/strong><br \/>\nDie Veranstaltung findet im Rahmen der Reihe \u201eOlla com\u00fan &#8211; Essen hilft!\u201c statt, die vom Basler Kurszentrum K5 organisiert wird. Einmal im Monat kocht eine Gruppe von MigrantInnen Gerichte aus ihrem Ursprungsland und sammelt f\u00fcr ein Projekt vor Ort. Die Adresse ist: \u201eSoup &amp; Chill\u201c, Solothurnerstrasse 8, 4053 Basel<\/p>\n<p style=\"text-align: justify;\"><strong>Wann wird gekocht?<\/strong><br \/>\nAm Samstag, den 31. Oktober 2015 von 12.00 bis 14.30 Uhr<\/p>\n<p style=\"text-align: justify;\"><strong>Was k\u00f6nnt ihr tun?<br \/>\n<\/strong>Kommt alle am Samstag vorbei, bringt eure Familien und Freunde mit und esst gemeinsam mit uns. Eeine Anmeldung ist nicht n\u00f6tig. Wir freuen uns auf ein zahlreiches Kommen!<\/p>\n<p><strong>Vereinskonto:<br \/>\n<\/strong>Akut-Hilfe f\u00fcr Kinder und Jugendliche im Libanon e.V.<br \/>\nSparkasse Freiburg-N\u00f6rdlicher Breisgau<br \/>\nIBAN: DE09680501010013230489<br \/>\nBIC: FRSPDE66XXX<br \/>\n<span style=\"color: #800000;\"><strong>Verwendungszweck: &#8220;We Cook for Kids &#8211; ArabX&#8221;<\/strong><\/span><\/p>\n","protected":false},"excerpt":{"rendered":"<p>Das Team von ArabX, der arabisch-deutschen Radiosendung auf RadioX, kocht am Samstag, den 31. Oktober im \u201eSoup &amp; Chill\u201c in Basel ein arabisches Mittagessen und sammelt dabei Spenden f\u00fcr den Verein Verein \u201eAkut-Hilfe f\u00fcr Kinder und Jugendliche im Libanon e.V.\u201c. Die Spenden kommen insbesondere dem f\u00fcnfj\u00e4hrigen syrischen M\u00e4dchen Massa zugute, das an postoperativem Mutismus erkrankt &hellip; <a href=\"http:\/\/we-run-for-kids.org\/de\/arabx-basel\/\" class=\"more-link\">Continue reading <span class=\"screen-reader-text\">Team ArabX in Basel<\/span> <span class=\"meta-nav\">&rarr;<\/span><\/a><\/p>\n","protected":false},"author":4,"featured_media":0,"parent":0,"menu_order":0,"comment_status":"closed","ping_status":"closed","template":"","meta":{"footnotes":""},"class_list":["post-291","page","type-page","status-publish","hentry"],"_links":{"self":[{"href":"http:\/\/we-run-for-kids.org\/de\/wp-json\/wp\/v2\/pages\/291","targetHints":{"allow":["GET"]}}],"collection":[{"href":"http:\/\/we-run-for-kids.org\/de\/wp-json\/wp\/v2\/pages"}],"about":[{"href":"http:\/\/we-run-for-kids.org\/de\/wp-json\/wp\/v2\/types\/page"}],"author":[{"embeddable":true,"href":"http:\/\/we-run-for-kids.org\/de\/wp-json\/wp\/v2\/users\/4"}],"replies":[{"embeddable":true,"href":"http:\/\/we-run-for-kids.org\/de\/wp-json\/wp\/v2\/comments?post=291"}],"version-history":[{"count":2,"href":"http:\/\/we-run-for-kids.org\/de\/wp-json\/wp\/v2\/pages\/291\/revisions"}],"predecessor-version":[{"id":301,"href":"http:\/\/we-run-for-kids.org\/de\/wp-json\/wp\/v2\/pages\/291\/revisions\/301"}],"wp:attachment":[{"href":"http:\/\/we-run-for-kids.org\/de\/wp-json\/wp\/v2\/media?parent=291"}],"curies":[{"name":"wp","href":"https:\/\/api.w.org\/{rel}","templated":true}]}}