{"id":18,"date":"2015-06-07T15:36:17","date_gmt":"2015-06-07T13:36:17","guid":{"rendered":"http:\/\/we-run-for-kids.org\/de\/?page_id=18"},"modified":"2015-06-19T00:27:01","modified_gmt":"2015-06-18T22:27:01","slug":"mitmachen","status":"publish","type":"page","link":"https:\/\/we-run-for-kids.org\/de\/mitmachen\/","title":{"rendered":"Sie m\u00f6chten selbst aktiv werden?"},"content":{"rendered":"<p style=\"text-align: justify;\"><a href=\"http:\/\/we-run-for-kids.org\/de\/wp-content\/uploads\/2015\/06\/Mini_DOnald_Jump_600.jpg\"><img loading=\"lazy\" decoding=\"async\" class=\"alignleft wp-image-130 size-medium\" src=\"http:\/\/we-run-for-kids.org\/de\/wp-content\/uploads\/2015\/06\/Mini_DOnald_Jump_600-300x296.jpg\" alt=\"Mini_DOnald_Jump_600\" width=\"300\" height=\"296\" srcset=\"https:\/\/we-run-for-kids.org\/de\/wp-content\/uploads\/2015\/06\/Mini_DOnald_Jump_600-300x296.jpg 300w, https:\/\/we-run-for-kids.org\/de\/wp-content\/uploads\/2015\/06\/Mini_DOnald_Jump_600.jpg 600w\" sizes=\"auto, (max-width: 300px) 100vw, 300px\" \/><\/a>Kein Problem, schlie\u00dfen Sie sich unser Idee an! Bilden Sie einfach ein eigenes Team und laufen Sie \u2013 egal ob mit oder ohne Kost\u00fcm \u2013 f\u00fcr die medizinische Versorgung von Kindern auf der Flucht. Laufmuffel k\u00f6nnen nat\u00fcrlich auch Fu\u00dfballspielen, Radfahren, Um-die-Wette-H\u00e4keln, etc.<br \/>\nWir, das Team der Initative \u201eWe Run for Kids\u201c und die Mitglieder des Vereins \u201eAkut-Hilfe f\u00fcr Kinder und Jugendliche im Libanon e.V.\u201c unterst\u00fctzen Sie gerne.<br \/>\nNach wenigen organisatorischen Schritten kann es losgehen:<\/p>\n<ul>\n<li style=\"text-align: justify;\">W\u00e4hlen Sie ein Sportevent in Ihrer Region aus. Im Laufkalender von <a href=\"https:\/\/www.laufen.de\/lauf-events\/eventkalender\" target=\"_blank\">www.laufen.de<\/a> finden Sie z.B. fast 4000 Laufevents gelistet.<\/li>\n<li style=\"text-align: justify;\">Wenn Sie m\u00f6gen, w\u00e4hlen Sie Ihre Lieblings-Comicfiguren und besorgen Sie ein paar Kost\u00fcme. Diese k\u00f6nnen auch geliehen oder gebastelt werden.<\/li>\n<li style=\"text-align: justify;\">W\u00e4hlen Sie einen Spendenbetrag (egal ob klein oder gro\u00df), den Ihre Kollegen, Freunde und Familien insgesamt spenden sollen, damit Sie als Comic-Helden \u2013 oder einfach nur so \u2013 f\u00fcr einen guten Zweck sportlich aktiv werden.<\/li>\n<li style=\"text-align: justify;\">Melden Sie sich bei uns, damit wir gemeinsam den Namen f\u00fcr den Verwendungszweck aussuchen, um die von Ihnen generierten Spenden auch ihrem Team zuordnen zu k\u00f6nnen.<\/li>\n<li style=\"text-align: justify;\">Wenn gew\u00fcnscht, nehmen wir Ihr Team auch gerne auf die Seite <a href=\"http:\/\/we-run-for-kids.org\/de\">we-run-for-kids.org\/de<\/a> eigene Plattform, auf der Sie ihre Fotos und Inhalte gerne teilen k\u00f6nnen.<\/li>\n<li style=\"text-align: left;\">Kontaktieren Sie uns gerne via E-Mail: <a href=\"mailto:info@we-run-for-kids.org\">info@we-run-for-kids.org<\/a><\/li>\n<li style=\"text-align: left;\">Bei Fragen zur Umsetzung Ihres Events rufen wir Sie auch gerne zur\u00fcck.<\/li>\n<\/ul>\n","protected":false},"excerpt":{"rendered":"<p>Kein Problem, schlie\u00dfen Sie sich unser Idee an! Bilden Sie einfach ein eigenes Team und laufen Sie \u2013 egal ob mit oder ohne Kost\u00fcm \u2013 f\u00fcr die medizinische Versorgung von Kindern auf der Flucht. Laufmuffel k\u00f6nnen nat\u00fcrlich auch Fu\u00dfballspielen, Radfahren, Um-die-Wette-H\u00e4keln, etc. Wir, das Team der Initative \u201eWe Run for Kids\u201c und die Mitglieder des &hellip; <a href=\"https:\/\/we-run-for-kids.org\/de\/mitmachen\/\" class=\"more-link\">Continue reading <span class=\"screen-reader-text\">Sie m\u00f6chten selbst aktiv werden?<\/span> <span class=\"meta-nav\">&rarr;<\/span><\/a><\/p>\n","protected":false},"author":4,"featured_media":0,"parent":0,"menu_order":0,"comment_status":"closed","ping_status":"closed","template":"","meta":{"footnotes":""},"class_list":["post-18","page","type-page","status-publish","hentry"],"_links":{"self":[{"href":"https:\/\/we-run-for-kids.org\/de\/wp-json\/wp\/v2\/pages\/18","targetHints":{"allow":["GET"]}}],"collection":[{"href":"https:\/\/we-run-for-kids.org\/de\/wp-json\/wp\/v2\/pages"}],"about":[{"href":"https:\/\/we-run-for-kids.org\/de\/wp-json\/wp\/v2\/types\/page"}],"author":[{"embeddable":true,"href":"https:\/\/we-run-for-kids.org\/de\/wp-json\/wp\/v2\/users\/4"}],"replies":[{"embeddable":true,"href":"https:\/\/we-run-for-kids.org\/de\/wp-json\/wp\/v2\/comments?post=18"}],"version-history":[{"count":24,"href":"https:\/\/we-run-for-kids.org\/de\/wp-json\/wp\/v2\/pages\/18\/revisions"}],"predecessor-version":[{"id":154,"href":"https:\/\/we-run-for-kids.org\/de\/wp-json\/wp\/v2\/pages\/18\/revisions\/154"}],"wp:attachment":[{"href":"https:\/\/we-run-for-kids.org\/de\/wp-json\/wp\/v2\/media?parent=18"}],"curies":[{"name":"wp","href":"https:\/\/api.w.org\/{rel}","templated":true}]}}