{"id":264,"date":"2015-11-11T12:48:14","date_gmt":"2015-11-11T10:48:14","guid":{"rendered":"http:\/\/we-run-for-kids.org\/de\/?page_id=264"},"modified":"2015-11-11T18:36:59","modified_gmt":"2015-11-11T16:36:59","slug":"idee","status":"publish","type":"page","link":"https:\/\/we-run-for-kids.org\/de\/idee\/","title":{"rendered":"Eine kleine Idee wird gr\u00f6\u00dfer"},"content":{"rendered":"<p style=\"text-align: justify;\"><strong><a href=\"http:\/\/we-run-for-kids.org\/de\/wp-content\/uploads\/2015\/11\/wr4k_20150910-3.jpg\"><img loading=\"lazy\" decoding=\"async\" class=\"alignleft wp-image-272 size-thumbnail\" src=\"http:\/\/we-run-for-kids.org\/de\/wp-content\/uploads\/2015\/11\/wr4k_20150910-3-150x150.jpg\" alt=\"\" width=\"150\" height=\"150\" \/><\/a>Am Anfang war der Spendenmarathon<\/strong><br \/>\nDie von zehn Wissenschaftler\/innen am Lehrstuhl f\u00fcr \u201e<a href=\"http:\/\/www.see.tu-berlin.de\/menue\/ueber_uns\/\" target=\"_blank\">Sustainable Engineering<\/a>\u201c der Technischen Universit\u00e4t Berlin ins Leben gerufene Aktion \u201eWe Run for Kids\u201c hatte sich zum Ziel gemacht, die Arbeit des Vereins \u201e<a href=\"http:\/\/akuthilfe-kinder-libanon.de\" target=\"_blank\">Akut-Hilfe f\u00fcr Kinder und Jugendliche im Libanon e.V.<\/a>\u201c zu unterst\u00fctzen. Das Team TU Berlin lief verkleidet als Comic-Helden am 10. September 2015 beim Firmenlauf b2run 6 km quer durch Berlin und sammelte im Vorfeld 10.000 \u20ac Spendengelder als \u201eStartgeld\u201c. Der Erfolg dieser Aktion zog Kreise.<\/p>\n<p style=\"text-align: justify;\"><strong>Dann wurde fr\u00f6hlich gekickt<br \/>\n<\/strong>Mitarbeiter der Firmen <a href=\"http:\/\/www.hays.de\" target=\"_blank\">Hays AG<\/a> und <a href=\"https:\/\/www.nu3.de\" target=\"_blank\">Nu3 GmbH<\/a> sind dem Aufruf zum Mitmachen spontan gefolgt. Statt zu laufen zogen sie sich Fu\u00dfball-Trikots an und veranstalteten ein Benefiztunier mit Tippspiel unter dem Motto \u201eWe Kick for Kids\u201c. Am 23. September 2015 spielten die Teams Hays und Nu3 im Sportpark Poststadion gegeneinander. Ohne gro\u00dfe Vorbereitung und mit sehr viel Spa\u00df kamen auf diesem Wege 500 \u20ac Spenden zusammen.<\/p>\n<p style=\"text-align: justify;\"><strong>Danach wurde auch noch lecker gekocht<br \/>\n<\/strong>Inspiriert von den Berlinern hat das Basler Team von ArabX, der <a href=\"http:\/\/www.radiox.ch\/programm\/mehrsprachige-specials\/arabx\/\" target=\"_blank\">arabisch-deutschen Radiosendung auf RadioX<\/a> am Samstag, den 31. Oktober im \u201eSoup &amp; Chill\u201c in Basel (Schweiz) ein arabisches Mittagessen gekockt. Dabei haben sie f\u00fcr die medizinische Behandlung der f\u00fcnfj\u00e4hrigen Massa aus Syrien gesammelt. Die Aktion \u201eWe Cook for Kids\u201c, welche im im Rahmen der Reihe \u201e<a href=\"http:\/\/www.k5kurszentrum.ch\/index.php\/olla-comun.html\" target=\"_blank\">Olla com\u00fan \u2013 Essen hilft!<\/a>\u201c des <a href=\"http:\/\/www.k5kurszentrum.ch\/index.php\/willkommen.html\" target=\"_blank\">Basler Kurszentrum K5<\/a> statt fand, sp\u00fclte knapp 1.000 \u20ac in die Vereinskasse.<\/p>\n<p style=\"text-align: justify;\"><strong>Und jetzt sind wir \u201eWe Care for Kids\u201c<br \/>\n<\/strong>Unter diesem Label m\u00f6chte unsere Initiative unterschiedliche Aktionen mit dem selben Zweck unter einen Hut bringen und all jenen, die auch helfen m\u00f6chten und etwas organisieren wollen, eine Plattform bieten. Wie genau Sie selber aktiv werden k\u00f6nnen, erfahren Sie hier unter mitmachen.<\/p>\n<p style=\"text-align: justify;\"><strong>F\u00fcr wen genau engagiert sich die Initiative?<\/strong><br \/>\nSeit Ausbruch des syrischen B\u00fcrgerkrieges fl\u00fcchteten bereits mehr als 1 Millionen Menschen in den kleinen Nachbarstaat Libanon. Zu ihnen geh\u00f6ren auch schwer erkrankte Kinder, deren medizinische Versorgung mangels finanzieller M\u00f6glichkeiten nicht gew\u00e4hrleistet ist, insbesondere bei komplexen Krankheitsbilder wie beispielsweise Krebs.<br \/>\nDiesen Kindern und Jugendlichen m\u00f6chten wir helfen, indem wir die Arbeit des Vereins \u201e<a href=\"http:\/\/akuthilfe-kinder-libanon.de\" target=\"_blank\">Akut-Hilfe f\u00fcr Kinder und Jugendliche im Libanon e.V.<\/a>\u201c unterst\u00fctzen.<\/p>\n<p style=\"text-align: justify;\"><strong>Wer ist der Verein \u201e<a href=\"http:\/\/akuthilfe-kinder-libanon.de\/wp\/\" target=\"_blank\">Akut-Hilfe f\u00fcr Kinder und Jugendliche im Libanon e.V.<\/a>\u201c?<u><br \/>\n<\/u><\/strong>Der gemeinn\u00fctzig t\u00e4tige Verein (co-)finanziert die medizinische Versorgung schwerkranker Kinder im Libanon, die sonst keinen Zugang zu einer medizinischen Behandlung h\u00e4tten. Der in Freiburg ans\u00e4ssige Verein arbeitet im Libanon mit \u00c4rzten und Krankenh\u00e4usern sowie mit lokalen als auch internationalen Hilfsorganisationen zusammen. Mindestens ein Mitglied ist stets vor Ort. Dar\u00fcber hinaus gibt es vier weitere Argumente, warum wir den Verein mit unserer Initiative unterst\u00fctzen wollen:<\/p>\n<ol>\n<li>Alle Vereinsmitglieder arbeiten ehrenamtlich.<\/li>\n<li>Spenden werden nur f\u00fcr medizinische Behandlungskosten verwendet.<\/li>\n<li>Kosten im Rahmen der Vereinsarbeit (Reisekosten usw.) werden von den Mitgliedern und den freiwilligen Helfern selbst getragen.<\/li>\n<li>Administrative Kosten werden so gering wie m\u00f6glich gehalten (1,64 % der Gesamtkosten im Jahr 2014 f\u00fcr Kontof\u00fchrungs- und \u00dcberweisungsgeb\u00fchren).<\/li>\n<\/ol>\n<p style=\"text-align: justify;\">Ein kleiner Verein mit gro\u00dfer Wirkung, der sich effizient vor Ort f\u00fcr erkrankte, bed\u00fcrftige Kinder einsetzt.<\/p>\n","protected":false},"excerpt":{"rendered":"<p>Am Anfang war der Spendenmarathon Die von zehn Wissenschaftler\/innen am Lehrstuhl f\u00fcr \u201eSustainable Engineering\u201c der Technischen Universit\u00e4t Berlin ins Leben gerufene Aktion \u201eWe Run for Kids\u201c hatte sich zum Ziel gemacht, die Arbeit des Vereins \u201eAkut-Hilfe f\u00fcr Kinder und Jugendliche im Libanon e.V.\u201c zu unterst\u00fctzen. Das Team TU Berlin lief verkleidet als Comic-Helden am 10. &hellip; <a href=\"https:\/\/we-run-for-kids.org\/de\/idee\/\" class=\"more-link\">Continue reading <span class=\"screen-reader-text\">Eine kleine Idee wird gr\u00f6\u00dfer<\/span> <span class=\"meta-nav\">&rarr;<\/span><\/a><\/p>\n","protected":false},"author":4,"featured_media":0,"parent":0,"menu_order":0,"comment_status":"closed","ping_status":"closed","template":"","meta":{"footnotes":""},"class_list":["post-264","page","type-page","status-publish","hentry"],"_links":{"self":[{"href":"https:\/\/we-run-for-kids.org\/de\/wp-json\/wp\/v2\/pages\/264","targetHints":{"allow":["GET"]}}],"collection":[{"href":"https:\/\/we-run-for-kids.org\/de\/wp-json\/wp\/v2\/pages"}],"about":[{"href":"https:\/\/we-run-for-kids.org\/de\/wp-json\/wp\/v2\/types\/page"}],"author":[{"embeddable":true,"href":"https:\/\/we-run-for-kids.org\/de\/wp-json\/wp\/v2\/users\/4"}],"replies":[{"embeddable":true,"href":"https:\/\/we-run-for-kids.org\/de\/wp-json\/wp\/v2\/comments?post=264"}],"version-history":[{"count":14,"href":"https:\/\/we-run-for-kids.org\/de\/wp-json\/wp\/v2\/pages\/264\/revisions"}],"predecessor-version":[{"id":295,"href":"https:\/\/we-run-for-kids.org\/de\/wp-json\/wp\/v2\/pages\/264\/revisions\/295"}],"wp:attachment":[{"href":"https:\/\/we-run-for-kids.org\/de\/wp-json\/wp\/v2\/media?parent=264"}],"curies":[{"name":"wp","href":"https:\/\/api.w.org\/{rel}","templated":true}]}}