{"id":69,"date":"2015-06-12T11:59:53","date_gmt":"2015-06-12T09:59:53","guid":{"rendered":"http:\/\/we-run-for-kids.org\/de\/?page_id=69"},"modified":"2015-08-06T17:19:14","modified_gmt":"2015-08-06T15:19:14","slug":"spenden","status":"publish","type":"page","link":"https:\/\/we-run-for-kids.org\/de\/spenden\/","title":{"rendered":"Sie m\u00f6chten \u201eWe Run for Kids\u201c unterst\u00fctzen?"},"content":{"rendered":"<p style=\"text-align: justify;\"><a href=\"http:\/\/we-run-for-kids.org\/de\/wp-content\/uploads\/2015\/06\/Donald_Kiss_6002.jpg\"><img loading=\"lazy\" decoding=\"async\" class=\"alignleft wp-image-133 size-medium\" src=\"http:\/\/we-run-for-kids.org\/de\/wp-content\/uploads\/2015\/06\/Donald_Kiss_6002-300x300.jpg\" alt=\"Donald_Kiss_600\" width=\"300\" height=\"300\" srcset=\"https:\/\/we-run-for-kids.org\/de\/wp-content\/uploads\/2015\/06\/Donald_Kiss_6002-300x300.jpg 300w, https:\/\/we-run-for-kids.org\/de\/wp-content\/uploads\/2015\/06\/Donald_Kiss_6002-150x150.jpg 150w, https:\/\/we-run-for-kids.org\/de\/wp-content\/uploads\/2015\/06\/Donald_Kiss_6002.jpg 453w\" sizes=\"auto, (max-width: 300px) 100vw, 300px\" \/><\/a>Entweder unterst\u00fctzen Sie ein Team Ihrer Wahl oder die Aktion \u201eWe Run for Kids\u201c im Allgemeinen. Daf\u00fcr m\u00fcssen Sie einfach einen Betrag Ihrer Wahl auf das angegebene Spendenkonto \u00fcberweisen.<br \/>\nWichtig ist, dass Sie beim Verwendungszweck \u201eWe Run for Kids\u201c und den Name des Teams angeben, dass Sie gern sportlich aktiv sehen m\u00f6chten (z.B.: We Run for Kids &#8211; TU Berlin).<\/p>\n<blockquote><p><strong><a href=\"https:\/\/www.betterplace.org\/de\/projects\/32543-we-run-for-kids\/donations\/new\">Jetzt Spenden f\u00fcr &#8220;We run for Kids&#8221; bei unserem Partner betterplace.org<\/a><\/strong><\/p><\/blockquote>\n<p>Oder einfach per \u00dcberweisung an:<br \/>\n<strong>Akut-Hilfe f\u00fcr Kinder und Jugendliche im Libanon e.V.<\/strong><br \/>\nSparkasse Freiburg-N\u00f6rdlicher Breisgau<br \/>\nIBAN: DE09680501010013230489<br \/>\nBIC: FRSPDE66XXX<br \/>\nVerwendungszweck: \u201eWe Run for Kids \u2013 Team-Name\u201c<\/p>\n<p>Herzlichen Dank f\u00fcr Ihre Unterst\u00fctzung!<\/p>\n<p>Die Spende ist nach \u00a710b des Einkommensteuergesetzes nat\u00fcrlich steuerlich absetzbar. F\u00fcr eine Spendenquittung geben Sie bitte ihre Adresse im Verwendungszweck an oder schreiben Sie uns eine E-Mail an: <a href=\"mailto:spendenbescheinigung@akuthilfe-kinder-libanon.de\">spendenbescheinigung@akuthilfe-kinder-libanon.de<\/a><\/p>\n","protected":false},"excerpt":{"rendered":"<p>Entweder unterst\u00fctzen Sie ein Team Ihrer Wahl oder die Aktion \u201eWe Run for Kids\u201c im Allgemeinen. Daf\u00fcr m\u00fcssen Sie einfach einen Betrag Ihrer Wahl auf das angegebene Spendenkonto \u00fcberweisen. Wichtig ist, dass Sie beim Verwendungszweck \u201eWe Run for Kids\u201c und den Name des Teams angeben, dass Sie gern sportlich aktiv sehen m\u00f6chten (z.B.: We Run &hellip; <a href=\"https:\/\/we-run-for-kids.org\/de\/spenden\/\" class=\"more-link\">Continue reading <span class=\"screen-reader-text\">Sie m\u00f6chten \u201eWe Run for Kids\u201c unterst\u00fctzen?<\/span> <span class=\"meta-nav\">&rarr;<\/span><\/a><\/p>\n","protected":false},"author":4,"featured_media":0,"parent":0,"menu_order":0,"comment_status":"closed","ping_status":"closed","template":"","meta":{"footnotes":""},"class_list":["post-69","page","type-page","status-publish","hentry"],"_links":{"self":[{"href":"https:\/\/we-run-for-kids.org\/de\/wp-json\/wp\/v2\/pages\/69","targetHints":{"allow":["GET"]}}],"collection":[{"href":"https:\/\/we-run-for-kids.org\/de\/wp-json\/wp\/v2\/pages"}],"about":[{"href":"https:\/\/we-run-for-kids.org\/de\/wp-json\/wp\/v2\/types\/page"}],"author":[{"embeddable":true,"href":"https:\/\/we-run-for-kids.org\/de\/wp-json\/wp\/v2\/users\/4"}],"replies":[{"embeddable":true,"href":"https:\/\/we-run-for-kids.org\/de\/wp-json\/wp\/v2\/comments?post=69"}],"version-history":[{"count":23,"href":"https:\/\/we-run-for-kids.org\/de\/wp-json\/wp\/v2\/pages\/69\/revisions"}],"predecessor-version":[{"id":197,"href":"https:\/\/we-run-for-kids.org\/de\/wp-json\/wp\/v2\/pages\/69\/revisions\/197"}],"wp:attachment":[{"href":"https:\/\/we-run-for-kids.org\/de\/wp-json\/wp\/v2\/media?parent=69"}],"curies":[{"name":"wp","href":"https:\/\/api.w.org\/{rel}","templated":true}]}}